{"id":24,"date":"2021-10-01T17:11:02","date_gmt":"2021-10-01T20:11:02","guid":{"rendered":"https:\/\/materiais.ncoisas.digital\/lecea\/?page_id=24"},"modified":"2021-11-08T20:27:11","modified_gmt":"2021-11-08T23:27:11","slug":"contato","status":"publish","type":"page","link":"https:\/\/materiais.ncoisas.digital\/lecea\/contato\/","title":{"rendered":"Contato"},"content":{"rendered":"<p>[vc_row css=&#8221;.vc_custom_1636412112450{margin-top: 6% !important;margin-bottom: 30px !important;}&#8221;][vc_column css_animation=&#8221;fadeInUp&#8221;][vc_column_text css=&#8221;.vc_custom_1636412492254{margin-right: 10% !important;margin-bottom: 1% !important;margin-left: 10% !important;border-bottom-width: 2px !important;padding-bottom: 0.2% !important;border-bottom-color: rgba(98,120,176,0.3) !important;border-bottom-style: groove !important;border-radius: 1px !important;}&#8221;]<\/p>\n<h1>CONTATO<\/h1>\n<p>[\/vc_column_text][\/vc_column][\/vc_row][vc_row css=&#8221;.vc_custom_1635781840972{padding-right: 10% !important;padding-left: 10% !important;}&#8221;][vc_column css_animation=&#8221;fadeInUp&#8221; width=&#8221;1\/2&#8243;][vc_column_text css_animation=&#8221;fadeInUp&#8221;]<\/p>\n<p style=\"text-align: justify;\"><strong>Endere\u00e7o: <\/strong>Universidade Federal de Mato Grosso, Campus Universit\u00e1rio do Araguaia Avenida Universit\u00e1ria, n<sup>o<\/sup>. 3500, Pontal do Araguaia, MT, Brasil. CEP 78.698-000<\/p>\n<p><strong>Telefones:<\/strong> (66) 3402 1126<\/p>\n<p><strong>E-mail:<\/strong> <a style=\"text-decoration: none;\" href=\"mailto:leceaufmt@gmail.com\">leceaufmt@gmail.com<\/a>[\/vc_column_text][vc_row_inner][vc_column_inner width=&#8221;1\/6&#8243;][vc_icon icon_fontawesome=&#8221;fab fa-whatsapp&#8221; color=&#8221;custom&#8221; size=&#8221;lg&#8221; css_animation=&#8221;fadeInUp&#8221; custom_color=&#8221;#383158&#8243; link=&#8221;url:tel%3A%20%2B55%20(66)%2098130-9080||target:%20_blank|&#8221; el_class=&#8221;social-itens&#8221;][\/vc_column_inner][vc_column_inner width=&#8221;1\/6&#8243;][vc_icon icon_fontawesome=&#8221;fab fa-facebook-square&#8221; color=&#8221;custom&#8221; size=&#8221;lg&#8221; css_animation=&#8221;fadeInUp&#8221; custom_color=&#8221;#383158&#8243; link=&#8221;url:https%3A%2F%2Fwww.facebook.com%2FLECEA-912523402206938%2F|title:Facebook%20-%20LECEA|target:%20_blank|&#8221; el_class=&#8221;social-itens&#8221;][\/vc_column_inner][vc_column_inner width=&#8221;1\/6&#8243;][vc_icon icon_fontawesome=&#8221;fas fa-envelope&#8221; color=&#8221;custom&#8221; size=&#8221;lg&#8221; css_animation=&#8221;fadeInUp&#8221; custom_color=&#8221;#383158&#8243; link=&#8221;url:http%3A%2F%2Fleceaufmt%40gmail.com|title:E-mail|target:%20_blank|&#8221; el_class=&#8221;social-itens&#8221;][\/vc_column_inner][vc_column_inner width=&#8221;1\/6&#8243;][\/vc_column_inner][vc_column_inner width=&#8221;1\/6&#8243;][\/vc_column_inner][vc_column_inner width=&#8221;1\/6&#8243;][\/vc_column_inner][\/vc_row_inner][\/vc_column][vc_column css_animation=&#8221;fadeInUp&#8221; width=&#8221;1\/2&#8243;][vc_gmaps link=&#8221;#E-8_JTNDaWZyYW1lJTIwc3JjJTNEJTIyaHR0cHMlM0ElMkYlMkZ3d3cuZ29vZ2xlLmNvbSUyRm1hcHMlMkZlbWJlZCUzRnBiJTNEJTIxMW0xOCUyMTFtMTIlMjExbTMlMjExZDkxMS43NDIzOTc3NjI5MDYxJTIxMmQtNTIuMjc2NzkwMTcwODA5NjQlMjEzZC0xNS45MTg5MTkzOTkzMTA4NTUlMjEybTMlMjExZjAlMjEyZjAlMjEzZjAlMjEzbTIlMjExaTEwMjQlMjEyaTc2OCUyMTRmMTMuMSUyMTNtMyUyMTFtMiUyMTFzMHg5MzY1NjlhM2IxMDBlNjNiJTI1M0EweDVmODlhNWNjMjM4YTQ2OTklMjEyc0xFQ0VBJTI1MjAtJTI1MjBMYWJvcmF0JTI1QzMlMjVCM3JpbyUyNTIwZGUlMjUyMEVjb2xvZ2lhJTI1MjBlJTI1MjBDb25zZXJ2YSUyNUMzJTI1QTclMjVDMyUyNUEzbyUyNTIwZGUlMjUyMEVjb3NzaXN0ZW1hcyUyNTIwQXF1JTI1QzMlMjVBMXRpY29zJTIxNWUxJTIxM20yJTIxMXNwdC1CUiUyMTJzYnIlMjE0djE2MzY0MTA4ODA4NTUlMjE1bTIlMjExc3B0LUJSJTIxMnNiciUyMiUyMHdpZHRoJTNEJTIyNTAwJTIyJTIwaGVpZ2h0JTNEJTIyMzUwJTIyJTIwc3R5bGUlM0QlMjJib3JkZXIlM0EwJTNCJTIyJTIwYWxsb3dmdWxsc2NyZWVuJTNEJTIyJTIyJTIwbG9hZGluZyUzRCUyMmxhenklMjIlM0UlM0MlMkZpZnJhbWUlM0U=&#8221;][\/vc_column][\/vc_row]<\/p>\n","protected":false},"excerpt":{"rendered":"<p>[vc_row css=&#8221;.vc_custom_1636412112450{margin-top: 6% !important;margin-bottom: 30px !important;}&#8221;][vc_column css_animation=&#8221;fadeInUp&#8221;][vc_column_text css=&#8221;.vc_custom_1636412492254{margin-right: 10% !important;margin-bottom: 1% !important;margin-left: 10% !important;border-bottom-width: 2px !important;padding-bottom: 0.2% !important;border-bottom-color: rgba(98,120,176,0.3) !important;border-bottom-style: groove !important;border-radius: 1px !important;}&#8221;] CONTATO [\/vc_column_text][\/vc_column][\/vc_row][vc_row css=&#8221;.vc_custom_1635781840972{padding-right: 10% !important;padding-left: 10% !important;}&#8221;][vc_column css_animation=&#8221;fadeInUp&#8221; width=&#8221;1\/2&#8243;][vc_column_text css_animation=&#8221;fadeInUp&#8221;] Endere\u00e7o: Universidade Federal de Mato Grosso, Campus Universit\u00e1rio do Araguaia Avenida Universit\u00e1ria, no. 3500, Pontal do Araguaia, MT, Brasil. CEP 78.698-000&hellip;&nbsp;<a href=\"https:\/\/materiais.ncoisas.digital\/lecea\/contato\/\" class=\"\" rel=\"bookmark\">Continue a ler &raquo;<span class=\"screen-reader-text\">Contato<\/span><\/a><\/p>\n","protected":false},"author":1,"featured_media":0,"parent":0,"menu_order":0,"comment_status":"closed","ping_status":"closed","template":"page-templates\/template-pagebuilder-full-width.php","meta":{"neve_meta_sidebar":"","neve_meta_container":"","neve_meta_enable_content_width":"","neve_meta_content_width":0,"neve_meta_title_alignment":"","neve_meta_author_avatar":"","neve_post_elements_order":"","neve_meta_disable_header":"","neve_meta_disable_footer":"","neve_meta_disable_title":"on","_ti_tpc_template_sync":false,"_ti_tpc_template_id":"","footnotes":""},"class_list":["post-24","page","type-page","status-publish","hentry"],"yoast_head":"<!-- This site is optimized with the Yoast SEO plugin v17.4 - https:\/\/yoast.com\/wordpress\/plugins\/seo\/ -->\n<title>Contato - LECEA - Laborat\u00f3rio de Ecologia e Conserva\u00e7\u00e3o de Ecossistemas Aqu\u00e1ticos<\/title>\n<meta name=\"robots\" content=\"index, follow, max-snippet:-1, max-image-preview:large, max-video-preview:-1\" \/>\n<link rel=\"canonical\" href=\"https:\/\/materiais.ncoisas.digital\/lecea\/contato\/\" \/>\n<meta property=\"og:locale\" content=\"pt_BR\" \/>\n<meta property=\"og:type\" content=\"article\" \/>\n<meta property=\"og:title\" content=\"Contato - LECEA - Laborat\u00f3rio de Ecologia e Conserva\u00e7\u00e3o de Ecossistemas Aqu\u00e1ticos\" \/>\n<meta property=\"og:description\" content=\"[vc_row css=&#8221;.vc_custom_1636412112450{margin-top: 6% !important;margin-bottom: 30px !important;}&#8221;][vc_column css_animation=&#8221;fadeInUp&#8221;][vc_column_text css=&#8221;.vc_custom_1636412492254{margin-right: 10% !important;margin-bottom: 1% !important;margin-left: 10% !important;border-bottom-width: 2px !important;padding-bottom: 0.2% !important;border-bottom-color: rgba(98,120,176,0.3) !important;border-bottom-style: groove !important;border-radius: 1px !important;}&#8221;] CONTATO [\/vc_column_text][\/vc_column][\/vc_row][vc_row css=&#8221;.vc_custom_1635781840972{padding-right: 10% !important;padding-left: 10% !important;}&#8221;][vc_column css_animation=&#8221;fadeInUp&#8221; width=&#8221;1\/2&#8243;][vc_column_text css_animation=&#8221;fadeInUp&#8221;] Endere\u00e7o: Universidade Federal de Mato Grosso, Campus Universit\u00e1rio do Araguaia Avenida Universit\u00e1ria, no. 3500, Pontal do Araguaia, MT, Brasil. CEP 78.698-000&hellip;&nbsp;Continue a ler &raquo;Contato\" \/>\n<meta property=\"og:url\" content=\"https:\/\/materiais.ncoisas.digital\/lecea\/contato\/\" \/>\n<meta property=\"og:site_name\" content=\"LECEA - Laborat\u00f3rio de Ecologia e Conserva\u00e7\u00e3o de Ecossistemas Aqu\u00e1ticos\" \/>\n<meta property=\"article:modified_time\" content=\"2021-11-08T23:27:11+00:00\" \/>\n<meta name=\"twitter:card\" content=\"summary_large_image\" \/>\n<meta name=\"twitter:label1\" content=\"Est. tempo de leitura\" \/>\n\t<meta name=\"twitter:data1\" content=\"2 minutos\" \/>\n<script type=\"application\/ld+json\" class=\"yoast-schema-graph\">{\"@context\":\"https:\/\/schema.org\",\"@graph\":[{\"@type\":\"WebSite\",\"@id\":\"https:\/\/materiais.ncoisas.digital\/lecea\/#website\",\"url\":\"https:\/\/materiais.ncoisas.digital\/lecea\/\",\"name\":\"LECEA - Laborat\\u00f3rio de Ecologia e Conserva\\u00e7\\u00e3o de Ecossistemas Aqu\\u00e1ticos\",\"description\":\"\",\"potentialAction\":[{\"@type\":\"SearchAction\",\"target\":{\"@type\":\"EntryPoint\",\"urlTemplate\":\"https:\/\/materiais.ncoisas.digital\/lecea\/?s={search_term_string}\"},\"query-input\":\"required name=search_term_string\"}],\"inLanguage\":\"pt-BR\"},{\"@type\":\"WebPage\",\"@id\":\"https:\/\/materiais.ncoisas.digital\/lecea\/contato\/#webpage\",\"url\":\"https:\/\/materiais.ncoisas.digital\/lecea\/contato\/\",\"name\":\"Contato - LECEA - Laborat\\u00f3rio de Ecologia e Conserva\\u00e7\\u00e3o de Ecossistemas Aqu\\u00e1ticos\",\"isPartOf\":{\"@id\":\"https:\/\/materiais.ncoisas.digital\/lecea\/#website\"},\"datePublished\":\"2021-10-01T20:11:02+00:00\",\"dateModified\":\"2021-11-08T23:27:11+00:00\",\"breadcrumb\":{\"@id\":\"https:\/\/materiais.ncoisas.digital\/lecea\/contato\/#breadcrumb\"},\"inLanguage\":\"pt-BR\",\"potentialAction\":[{\"@type\":\"ReadAction\",\"target\":[\"https:\/\/materiais.ncoisas.digital\/lecea\/contato\/\"]}]},{\"@type\":\"BreadcrumbList\",\"@id\":\"https:\/\/materiais.ncoisas.digital\/lecea\/contato\/#breadcrumb\",\"itemListElement\":[{\"@type\":\"ListItem\",\"position\":1,\"name\":\"In\\u00edcio\",\"item\":\"https:\/\/materiais.ncoisas.digital\/lecea\/\"},{\"@type\":\"ListItem\",\"position\":2,\"name\":\"Contato\"}]}]}<\/script>\n<!-- \/ Yoast SEO plugin. -->","yoast_head_json":{"title":"Contato - LECEA - Laborat\u00f3rio de Ecologia e Conserva\u00e7\u00e3o de Ecossistemas Aqu\u00e1ticos","robots":{"index":"index","follow":"follow","max-snippet":"max-snippet:-1","max-image-preview":"max-image-preview:large","max-video-preview":"max-video-preview:-1"},"canonical":"https:\/\/materiais.ncoisas.digital\/lecea\/contato\/","og_locale":"pt_BR","og_type":"article","og_title":"Contato - LECEA - Laborat\u00f3rio de Ecologia e Conserva\u00e7\u00e3o de Ecossistemas Aqu\u00e1ticos","og_description":"[vc_row css=&#8221;.vc_custom_1636412112450{margin-top: 6% !important;margin-bottom: 30px !important;}&#8221;][vc_column css_animation=&#8221;fadeInUp&#8221;][vc_column_text css=&#8221;.vc_custom_1636412492254{margin-right: 10% !important;margin-bottom: 1% !important;margin-left: 10% !important;border-bottom-width: 2px !important;padding-bottom: 0.2% !important;border-bottom-color: rgba(98,120,176,0.3) !important;border-bottom-style: groove !important;border-radius: 1px !important;}&#8221;] CONTATO [\/vc_column_text][\/vc_column][\/vc_row][vc_row css=&#8221;.vc_custom_1635781840972{padding-right: 10% !important;padding-left: 10% !important;}&#8221;][vc_column css_animation=&#8221;fadeInUp&#8221; width=&#8221;1\/2&#8243;][vc_column_text css_animation=&#8221;fadeInUp&#8221;] Endere\u00e7o: Universidade Federal de Mato Grosso, Campus Universit\u00e1rio do Araguaia Avenida Universit\u00e1ria, no. 3500, Pontal do Araguaia, MT, Brasil. CEP 78.698-000&hellip;&nbsp;Continue a ler &raquo;Contato","og_url":"https:\/\/materiais.ncoisas.digital\/lecea\/contato\/","og_site_name":"LECEA - Laborat\u00f3rio de Ecologia e Conserva\u00e7\u00e3o de Ecossistemas Aqu\u00e1ticos","article_modified_time":"2021-11-08T23:27:11+00:00","twitter_card":"summary_large_image","twitter_misc":{"Est. tempo de leitura":"2 minutos"},"schema":{"@context":"https:\/\/schema.org","@graph":[{"@type":"WebSite","@id":"https:\/\/materiais.ncoisas.digital\/lecea\/#website","url":"https:\/\/materiais.ncoisas.digital\/lecea\/","name":"LECEA - Laborat\u00f3rio de Ecologia e Conserva\u00e7\u00e3o de Ecossistemas Aqu\u00e1ticos","description":"","potentialAction":[{"@type":"SearchAction","target":{"@type":"EntryPoint","urlTemplate":"https:\/\/materiais.ncoisas.digital\/lecea\/?s={search_term_string}"},"query-input":"required name=search_term_string"}],"inLanguage":"pt-BR"},{"@type":"WebPage","@id":"https:\/\/materiais.ncoisas.digital\/lecea\/contato\/#webpage","url":"https:\/\/materiais.ncoisas.digital\/lecea\/contato\/","name":"Contato - LECEA - Laborat\u00f3rio de Ecologia e Conserva\u00e7\u00e3o de Ecossistemas Aqu\u00e1ticos","isPartOf":{"@id":"https:\/\/materiais.ncoisas.digital\/lecea\/#website"},"datePublished":"2021-10-01T20:11:02+00:00","dateModified":"2021-11-08T23:27:11+00:00","breadcrumb":{"@id":"https:\/\/materiais.ncoisas.digital\/lecea\/contato\/#breadcrumb"},"inLanguage":"pt-BR","potentialAction":[{"@type":"ReadAction","target":["https:\/\/materiais.ncoisas.digital\/lecea\/contato\/"]}]},{"@type":"BreadcrumbList","@id":"https:\/\/materiais.ncoisas.digital\/lecea\/contato\/#breadcrumb","itemListElement":[{"@type":"ListItem","position":1,"name":"In\u00edcio","item":"https:\/\/materiais.ncoisas.digital\/lecea\/"},{"@type":"ListItem","position":2,"name":"Contato"}]}]}},"_links":{"self":[{"href":"https:\/\/materiais.ncoisas.digital\/lecea\/wp-json\/wp\/v2\/pages\/24","targetHints":{"allow":["GET"]}}],"collection":[{"href":"https:\/\/materiais.ncoisas.digital\/lecea\/wp-json\/wp\/v2\/pages"}],"about":[{"href":"https:\/\/materiais.ncoisas.digital\/lecea\/wp-json\/wp\/v2\/types\/page"}],"author":[{"embeddable":true,"href":"https:\/\/materiais.ncoisas.digital\/lecea\/wp-json\/wp\/v2\/users\/1"}],"replies":[{"embeddable":true,"href":"https:\/\/materiais.ncoisas.digital\/lecea\/wp-json\/wp\/v2\/comments?post=24"}],"version-history":[{"count":35,"href":"https:\/\/materiais.ncoisas.digital\/lecea\/wp-json\/wp\/v2\/pages\/24\/revisions"}],"predecessor-version":[{"id":694,"href":"https:\/\/materiais.ncoisas.digital\/lecea\/wp-json\/wp\/v2\/pages\/24\/revisions\/694"}],"wp:attachment":[{"href":"https:\/\/materiais.ncoisas.digital\/lecea\/wp-json\/wp\/v2\/media?parent=24"}],"curies":[{"name":"wp","href":"https:\/\/api.w.org\/{rel}","templated":true}]}}