{"id":620,"date":"2021-10-28T20:38:02","date_gmt":"2021-10-28T23:38:02","guid":{"rendered":"https:\/\/materiais.ncoisas.digital\/lecea\/?page_id=620"},"modified":"2021-11-16T21:53:33","modified_gmt":"2021-11-17T00:53:33","slug":"pagina-inicial","status":"publish","type":"page","link":"https:\/\/materiais.ncoisas.digital\/lecea\/","title":{"rendered":"P\u00e1gina Inicial"},"content":{"rendered":"<p>[vc_row][vc_column css_animation=&#8221;fadeIn&#8221;][vc_single_image image=&#8221;777&#8243; img_size=&#8221;13000&#215;400&#8243; alignment=&#8221;center&#8221; css=&#8221;.vc_custom_1637109332086{margin-top: 30px !important;}&#8221;][\/vc_column][\/vc_row][vc_row][vc_column css_animation=&#8221;fadeInUp&#8221;][vc_column_text css=&#8221;.vc_custom_1635391203167{margin-top: 2% !important;margin-right: 10% !important;margin-left: 10% !important;border-bottom-width: 2px !important;padding-bottom: 0.2% !important;border-bottom-color: rgba(56,49,88,0.3) !important;border-bottom-style: groove !important;border-radius: 1px !important;}&#8221;]<\/p>\n<h1 style=\"text-align: center;\">BEM VINDO AO LECEA<\/h1>\n<p>[\/vc_column_text][\/vc_column][\/vc_row][vc_row css=&#8221;.vc_custom_1637109850093{margin-bottom: 30px !important;}&#8221;][vc_column css_animation=&#8221;fadeInUp&#8221;][vc_column_text css=&#8221;.vc_custom_1636810192691{margin-top: 1% !important;margin-right: 10% !important;margin-bottom: 5% !important;margin-left: 10% !important;}&#8221;]<\/p>\n<p style=\"font-size: 1.2rem; line-height: 2rem; text-align: center;\">O <strong>Laborat\u00f3rio de Ecologia e Conserva\u00e7\u00e3o de Ecossistemas Aqu\u00e1ticos (LECEA)<\/strong> est\u00e1 sediado na Universidade Federal de Mato Grosso, Campus Universit\u00e1rio do Araguaia, na cidade de Pontal do Araguaia. O <strong>LECEA<\/strong> tem como principal foco o estudo ecol\u00f3gico e de conserva\u00e7\u00e3o dos ecossistemas aqu\u00e1ticos. Os lagos, riachos, rios, plan\u00edcies de inunda\u00e7\u00e3o, reservat\u00f3rios&#8230; Tudo que tem dentro e fora deles (mas que os afetam) \u00e9 que buscamos estudar e compreender.<\/p>\n<p>[\/vc_column_text][vc_btn title=&#8221;Saiba mais&#8221; style=&#8221;custom&#8221; custom_background=&#8221;#393259&#8243; custom_text=&#8221;#ffffff&#8221; size=&#8221;lg&#8221; align=&#8221;center&#8221; css_animation=&#8221;fadeInUp&#8221; link=&#8221;url:https%3A%2F%2Fmateriais.ncoisas.digital%2Flecea%2Fnosso-time%2F|title:Nosso%20time||&#8221;][\/vc_column][\/vc_row]<\/p>\n","protected":false},"excerpt":{"rendered":"<p>[vc_row][vc_column css_animation=&#8221;fadeIn&#8221;][vc_single_image image=&#8221;777&#8243; img_size=&#8221;13000&#215;400&#8243; alignment=&#8221;center&#8221; css=&#8221;.vc_custom_1637109332086{margin-top: 30px !important;}&#8221;][\/vc_column][\/vc_row][vc_row][vc_column css_animation=&#8221;fadeInUp&#8221;][vc_column_text css=&#8221;.vc_custom_1635391203167{margin-top: 2% !important;margin-right: 10% !important;margin-left: 10% !important;border-bottom-width: 2px !important;padding-bottom: 0.2% !important;border-bottom-color: rgba(56,49,88,0.3) !important;border-bottom-style: groove !important;border-radius: 1px !important;}&#8221;] BEM VINDO AO LECEA [\/vc_column_text][\/vc_column][\/vc_row][vc_row css=&#8221;.vc_custom_1637109850093{margin-bottom: 30px !important;}&#8221;][vc_column css_animation=&#8221;fadeInUp&#8221;][vc_column_text css=&#8221;.vc_custom_1636810192691{margin-top: 1% !important;margin-right: 10% !important;margin-bottom: 5% !important;margin-left: 10% !important;}&#8221;] O Laborat\u00f3rio de Ecologia e Conserva\u00e7\u00e3o de Ecossistemas Aqu\u00e1ticos (LECEA) est\u00e1&hellip;&nbsp;<a href=\"https:\/\/materiais.ncoisas.digital\/lecea\/\" class=\"\" rel=\"bookmark\">Continue a ler &raquo;<span class=\"screen-reader-text\">P\u00e1gina Inicial<\/span><\/a><\/p>\n","protected":false},"author":1,"featured_media":0,"parent":0,"menu_order":0,"comment_status":"closed","ping_status":"closed","template":"page-templates\/template-pagebuilder-full-width.php","meta":{"neve_meta_sidebar":"","neve_meta_container":"","neve_meta_enable_content_width":"off","neve_meta_content_width":100,"neve_meta_title_alignment":"","neve_meta_author_avatar":"","neve_post_elements_order":"","neve_meta_disable_header":"","neve_meta_disable_footer":"","neve_meta_disable_title":"","_ti_tpc_template_sync":false,"_ti_tpc_template_id":"","footnotes":""},"class_list":["post-620","page","type-page","status-publish","hentry"],"yoast_head":"<!-- This site is optimized with the Yoast SEO plugin v17.4 - https:\/\/yoast.com\/wordpress\/plugins\/seo\/ -->\n<title>- LECEA - Laborat\u00f3rio de Ecologia e Conserva\u00e7\u00e3o de Ecossistemas Aqu\u00e1ticos<\/title>\n<meta name=\"description\" content=\"O LECEA tem como principal foco o estudo ecol\u00f3gico e de conserva\u00e7\u00e3o dos ecossistemas aqu\u00e1ticos. Os lagos, riachos, rios, plan\u00edcies de inunda\u00e7\u00e3o, reservat\u00f3rios. Tudo que tem dentro e fora deles (mas que os afetam) \u00e9 que buscamos estudar e compreender.\" \/>\n<meta name=\"robots\" content=\"index, follow, max-snippet:-1, max-image-preview:large, max-video-preview:-1\" \/>\n<link rel=\"canonical\" href=\"https:\/\/materiais.ncoisas.digital\/lecea\/\" \/>\n<meta property=\"og:locale\" content=\"pt_BR\" \/>\n<meta property=\"og:type\" content=\"article\" \/>\n<meta property=\"og:title\" content=\"- LECEA - Laborat\u00f3rio de Ecologia e Conserva\u00e7\u00e3o de Ecossistemas Aqu\u00e1ticos\" \/>\n<meta property=\"og:description\" content=\"O LECEA tem como principal foco o estudo ecol\u00f3gico e de conserva\u00e7\u00e3o dos ecossistemas aqu\u00e1ticos. Os lagos, riachos, rios, plan\u00edcies de inunda\u00e7\u00e3o, reservat\u00f3rios. Tudo que tem dentro e fora deles (mas que os afetam) \u00e9 que buscamos estudar e compreender.\" \/>\n<meta property=\"og:url\" content=\"https:\/\/materiais.ncoisas.digital\/lecea\/\" \/>\n<meta property=\"og:site_name\" content=\"LECEA - Laborat\u00f3rio de Ecologia e Conserva\u00e7\u00e3o de Ecossistemas Aqu\u00e1ticos\" \/>\n<meta property=\"article:modified_time\" content=\"2021-11-17T00:53:33+00:00\" \/>\n<meta name=\"twitter:card\" content=\"summary_large_image\" \/>\n<meta name=\"twitter:label1\" content=\"Est. tempo de leitura\" \/>\n\t<meta name=\"twitter:data1\" content=\"1 minuto\" \/>\n<script type=\"application\/ld+json\" class=\"yoast-schema-graph\">{\"@context\":\"https:\/\/schema.org\",\"@graph\":[{\"@type\":\"WebSite\",\"@id\":\"https:\/\/materiais.ncoisas.digital\/lecea\/#website\",\"url\":\"https:\/\/materiais.ncoisas.digital\/lecea\/\",\"name\":\"LECEA - Laborat\\u00f3rio de Ecologia e Conserva\\u00e7\\u00e3o de Ecossistemas Aqu\\u00e1ticos\",\"description\":\"\",\"potentialAction\":[{\"@type\":\"SearchAction\",\"target\":{\"@type\":\"EntryPoint\",\"urlTemplate\":\"https:\/\/materiais.ncoisas.digital\/lecea\/?s={search_term_string}\"},\"query-input\":\"required name=search_term_string\"}],\"inLanguage\":\"pt-BR\"},{\"@type\":\"WebPage\",\"@id\":\"https:\/\/materiais.ncoisas.digital\/lecea\/#webpage\",\"url\":\"https:\/\/materiais.ncoisas.digital\/lecea\/\",\"name\":\"- LECEA - Laborat\\u00f3rio de Ecologia e Conserva\\u00e7\\u00e3o de Ecossistemas Aqu\\u00e1ticos\",\"isPartOf\":{\"@id\":\"https:\/\/materiais.ncoisas.digital\/lecea\/#website\"},\"datePublished\":\"2021-10-28T23:38:02+00:00\",\"dateModified\":\"2021-11-17T00:53:33+00:00\",\"description\":\"O LECEA tem como principal foco o estudo ecol\\u00f3gico e de conserva\\u00e7\\u00e3o dos ecossistemas aqu\\u00e1ticos. Os lagos, riachos, rios, plan\\u00edcies de inunda\\u00e7\\u00e3o, reservat\\u00f3rios. Tudo que tem dentro e fora deles (mas que os afetam) \\u00e9 que buscamos estudar e compreender.\",\"breadcrumb\":{\"@id\":\"https:\/\/materiais.ncoisas.digital\/lecea\/#breadcrumb\"},\"inLanguage\":\"pt-BR\",\"potentialAction\":[{\"@type\":\"ReadAction\",\"target\":[\"https:\/\/materiais.ncoisas.digital\/lecea\/\"]}]},{\"@type\":\"BreadcrumbList\",\"@id\":\"https:\/\/materiais.ncoisas.digital\/lecea\/#breadcrumb\",\"itemListElement\":[{\"@type\":\"ListItem\",\"position\":1,\"name\":\"In\\u00edcio\",\"item\":\"https:\/\/materiais.ncoisas.digital\/lecea\/\"},{\"@type\":\"ListItem\",\"position\":2,\"name\":\"P\\u00e1gina Inicial\"}]}]}<\/script>\n<!-- \/ Yoast SEO plugin. -->","yoast_head_json":{"title":"- LECEA - Laborat\u00f3rio de Ecologia e Conserva\u00e7\u00e3o de Ecossistemas Aqu\u00e1ticos","description":"O LECEA tem como principal foco o estudo ecol\u00f3gico e de conserva\u00e7\u00e3o dos ecossistemas aqu\u00e1ticos. Os lagos, riachos, rios, plan\u00edcies de inunda\u00e7\u00e3o, reservat\u00f3rios. Tudo que tem dentro e fora deles (mas que os afetam) \u00e9 que buscamos estudar e compreender.","robots":{"index":"index","follow":"follow","max-snippet":"max-snippet:-1","max-image-preview":"max-image-preview:large","max-video-preview":"max-video-preview:-1"},"canonical":"https:\/\/materiais.ncoisas.digital\/lecea\/","og_locale":"pt_BR","og_type":"article","og_title":"- LECEA - Laborat\u00f3rio de Ecologia e Conserva\u00e7\u00e3o de Ecossistemas Aqu\u00e1ticos","og_description":"O LECEA tem como principal foco o estudo ecol\u00f3gico e de conserva\u00e7\u00e3o dos ecossistemas aqu\u00e1ticos. Os lagos, riachos, rios, plan\u00edcies de inunda\u00e7\u00e3o, reservat\u00f3rios. Tudo que tem dentro e fora deles (mas que os afetam) \u00e9 que buscamos estudar e compreender.","og_url":"https:\/\/materiais.ncoisas.digital\/lecea\/","og_site_name":"LECEA - Laborat\u00f3rio de Ecologia e Conserva\u00e7\u00e3o de Ecossistemas Aqu\u00e1ticos","article_modified_time":"2021-11-17T00:53:33+00:00","twitter_card":"summary_large_image","twitter_misc":{"Est. tempo de leitura":"1 minuto"},"schema":{"@context":"https:\/\/schema.org","@graph":[{"@type":"WebSite","@id":"https:\/\/materiais.ncoisas.digital\/lecea\/#website","url":"https:\/\/materiais.ncoisas.digital\/lecea\/","name":"LECEA - Laborat\u00f3rio de Ecologia e Conserva\u00e7\u00e3o de Ecossistemas Aqu\u00e1ticos","description":"","potentialAction":[{"@type":"SearchAction","target":{"@type":"EntryPoint","urlTemplate":"https:\/\/materiais.ncoisas.digital\/lecea\/?s={search_term_string}"},"query-input":"required name=search_term_string"}],"inLanguage":"pt-BR"},{"@type":"WebPage","@id":"https:\/\/materiais.ncoisas.digital\/lecea\/#webpage","url":"https:\/\/materiais.ncoisas.digital\/lecea\/","name":"- LECEA - Laborat\u00f3rio de Ecologia e Conserva\u00e7\u00e3o de Ecossistemas Aqu\u00e1ticos","isPartOf":{"@id":"https:\/\/materiais.ncoisas.digital\/lecea\/#website"},"datePublished":"2021-10-28T23:38:02+00:00","dateModified":"2021-11-17T00:53:33+00:00","description":"O LECEA tem como principal foco o estudo ecol\u00f3gico e de conserva\u00e7\u00e3o dos ecossistemas aqu\u00e1ticos. Os lagos, riachos, rios, plan\u00edcies de inunda\u00e7\u00e3o, reservat\u00f3rios. Tudo que tem dentro e fora deles (mas que os afetam) \u00e9 que buscamos estudar e compreender.","breadcrumb":{"@id":"https:\/\/materiais.ncoisas.digital\/lecea\/#breadcrumb"},"inLanguage":"pt-BR","potentialAction":[{"@type":"ReadAction","target":["https:\/\/materiais.ncoisas.digital\/lecea\/"]}]},{"@type":"BreadcrumbList","@id":"https:\/\/materiais.ncoisas.digital\/lecea\/#breadcrumb","itemListElement":[{"@type":"ListItem","position":1,"name":"In\u00edcio","item":"https:\/\/materiais.ncoisas.digital\/lecea\/"},{"@type":"ListItem","position":2,"name":"P\u00e1gina Inicial"}]}]}},"_links":{"self":[{"href":"https:\/\/materiais.ncoisas.digital\/lecea\/wp-json\/wp\/v2\/pages\/620","targetHints":{"allow":["GET"]}}],"collection":[{"href":"https:\/\/materiais.ncoisas.digital\/lecea\/wp-json\/wp\/v2\/pages"}],"about":[{"href":"https:\/\/materiais.ncoisas.digital\/lecea\/wp-json\/wp\/v2\/types\/page"}],"author":[{"embeddable":true,"href":"https:\/\/materiais.ncoisas.digital\/lecea\/wp-json\/wp\/v2\/users\/1"}],"replies":[{"embeddable":true,"href":"https:\/\/materiais.ncoisas.digital\/lecea\/wp-json\/wp\/v2\/comments?post=620"}],"version-history":[{"count":12,"href":"https:\/\/materiais.ncoisas.digital\/lecea\/wp-json\/wp\/v2\/pages\/620\/revisions"}],"predecessor-version":[{"id":782,"href":"https:\/\/materiais.ncoisas.digital\/lecea\/wp-json\/wp\/v2\/pages\/620\/revisions\/782"}],"wp:attachment":[{"href":"https:\/\/materiais.ncoisas.digital\/lecea\/wp-json\/wp\/v2\/media?parent=620"}],"curies":[{"name":"wp","href":"https:\/\/api.w.org\/{rel}","templated":true}]}}