{"id":659,"date":"2021-11-08T18:40:32","date_gmt":"2021-11-08T21:40:32","guid":{"rendered":"https:\/\/materiais.ncoisas.digital\/lecea\/?page_id=659"},"modified":"2021-11-08T19:27:54","modified_gmt":"2021-11-08T22:27:54","slug":"galeria","status":"publish","type":"page","link":"https:\/\/materiais.ncoisas.digital\/lecea\/galeria\/","title":{"rendered":"Galeria"},"content":{"rendered":"<p>[vc_row css=&#8221;.vc_custom_1636408459748{background-color: rgba(255,255,255,0.3) !important;*background-color: rgb(255,255,255) !important;}&#8221;][vc_column css_animation=&#8221;fadeInUp&#8221;][vc_column_text css_animation=&#8221;fadeInUp&#8221; css=&#8221;.vc_custom_1636410222017{margin-right: 10% !important;margin-left: 10% !important;border-bottom-width: 2px !important;padding-bottom: 0.2% !important;border-bottom-color: rgba(56,49,88,0.3) !important;border-bottom-style: groove !important;border-radius: 1px !important;}&#8221;]<\/p>\n<h1>GALERIA<\/h1>\n<p>[\/vc_column_text][vc_masonry_media_grid gap=&#8221;10&#8243; item=&#8221;masonryMedia_SolidBlurOut&#8221; initial_loading_animation=&#8221;fadeIn&#8221; grid_id=&#8221;vc_gid:1636409836458-0cdcc2285cb41b61017db49cc9c7b61f-3&#8243; css=&#8221;.vc_custom_1636410379670{margin-right: 10% !important;margin-left: 10% !important;}&#8221; include=&#8221;573,571,570,569,568,567,532,566,565,564,563,562,552,541,542,543,561,560,559,558,557,539,556,555,554,553,551,550,549,538,537,548,547,546,545,544,540,343&#8243;][\/vc_column][\/vc_row]<\/p>\n","protected":false},"excerpt":{"rendered":"<p>[vc_row css=&#8221;.vc_custom_1636408459748{background-color: rgba(255,255,255,0.3) !important;*background-color: rgb(255,255,255) !important;}&#8221;][vc_column css_animation=&#8221;fadeInUp&#8221;][vc_column_text css_animation=&#8221;fadeInUp&#8221; css=&#8221;.vc_custom_1636410222017{margin-right: 10% !important;margin-left: 10% !important;border-bottom-width: 2px !important;padding-bottom: 0.2% !important;border-bottom-color: rgba(56,49,88,0.3) !important;border-bottom-style: groove !important;border-radius: 1px !important;}&#8221;] GALERIA [\/vc_column_text][vc_masonry_media_grid gap=&#8221;10&#8243; item=&#8221;masonryMedia_SolidBlurOut&#8221; initial_loading_animation=&#8221;fadeIn&#8221; grid_id=&#8221;vc_gid:1636409836458-0cdcc2285cb41b61017db49cc9c7b61f-3&#8243; css=&#8221;.vc_custom_1636410379670{margin-right: 10% !important;margin-left: 10% !important;}&#8221; include=&#8221;573,571,570,569,568,567,532,566,565,564,563,562,552,541,542,543,561,560,559,558,557,539,556,555,554,553,551,550,549,538,537,548,547,546,545,544,540,343&#8243;][\/vc_column][\/vc_row]<\/p>\n","protected":false},"author":1,"featured_media":0,"parent":0,"menu_order":0,"comment_status":"closed","ping_status":"closed","template":"page-templates\/template-pagebuilder-full-width.php","meta":{"neve_meta_sidebar":"","neve_meta_container":"","neve_meta_enable_content_width":"off","neve_meta_content_width":100,"neve_meta_title_alignment":"","neve_meta_author_avatar":"","neve_post_elements_order":"","neve_meta_disable_header":"","neve_meta_disable_footer":"","neve_meta_disable_title":"on","_ti_tpc_template_sync":false,"_ti_tpc_template_id":"","footnotes":""},"class_list":["post-659","page","type-page","status-publish","hentry"],"yoast_head":"<!-- This site is optimized with the Yoast SEO plugin v17.4 - https:\/\/yoast.com\/wordpress\/plugins\/seo\/ -->\n<title>Galeria - LECEA - Laborat\u00f3rio de Ecologia e Conserva\u00e7\u00e3o de Ecossistemas Aqu\u00e1ticos<\/title>\n<meta name=\"robots\" content=\"index, follow, max-snippet:-1, max-image-preview:large, max-video-preview:-1\" \/>\n<link rel=\"canonical\" href=\"https:\/\/materiais.ncoisas.digital\/lecea\/galeria\/\" \/>\n<meta property=\"og:locale\" content=\"pt_BR\" \/>\n<meta property=\"og:type\" content=\"article\" \/>\n<meta property=\"og:title\" content=\"Galeria - LECEA - Laborat\u00f3rio de Ecologia e Conserva\u00e7\u00e3o de Ecossistemas Aqu\u00e1ticos\" \/>\n<meta property=\"og:description\" content=\"[vc_row css=&#8221;.vc_custom_1636408459748{background-color: rgba(255,255,255,0.3) !important;*background-color: rgb(255,255,255) !important;}&#8221;][vc_column css_animation=&#8221;fadeInUp&#8221;][vc_column_text css_animation=&#8221;fadeInUp&#8221; css=&#8221;.vc_custom_1636410222017{margin-right: 10% !important;margin-left: 10% !important;border-bottom-width: 2px !important;padding-bottom: 0.2% !important;border-bottom-color: rgba(56,49,88,0.3) !important;border-bottom-style: groove !important;border-radius: 1px !important;}&#8221;] GALERIA [\/vc_column_text][vc_masonry_media_grid gap=&#8221;10&#8243; item=&#8221;masonryMedia_SolidBlurOut&#8221; initial_loading_animation=&#8221;fadeIn&#8221; grid_id=&#8221;vc_gid:1636409836458-0cdcc2285cb41b61017db49cc9c7b61f-3&#8243; css=&#8221;.vc_custom_1636410379670{margin-right: 10% !important;margin-left: 10% !important;}&#8221; include=&#8221;573,571,570,569,568,567,532,566,565,564,563,562,552,541,542,543,561,560,559,558,557,539,556,555,554,553,551,550,549,538,537,548,547,546,545,544,540,343&#8243;][\/vc_column][\/vc_row]\" \/>\n<meta property=\"og:url\" content=\"https:\/\/materiais.ncoisas.digital\/lecea\/galeria\/\" \/>\n<meta property=\"og:site_name\" content=\"LECEA - Laborat\u00f3rio de Ecologia e Conserva\u00e7\u00e3o de Ecossistemas Aqu\u00e1ticos\" \/>\n<meta property=\"article:modified_time\" content=\"2021-11-08T22:27:54+00:00\" \/>\n<meta name=\"twitter:card\" content=\"summary_large_image\" \/>\n<script type=\"application\/ld+json\" class=\"yoast-schema-graph\">{\"@context\":\"https:\/\/schema.org\",\"@graph\":[{\"@type\":\"WebSite\",\"@id\":\"https:\/\/materiais.ncoisas.digital\/lecea\/#website\",\"url\":\"https:\/\/materiais.ncoisas.digital\/lecea\/\",\"name\":\"LECEA - Laborat\\u00f3rio de Ecologia e Conserva\\u00e7\\u00e3o de Ecossistemas Aqu\\u00e1ticos\",\"description\":\"\",\"potentialAction\":[{\"@type\":\"SearchAction\",\"target\":{\"@type\":\"EntryPoint\",\"urlTemplate\":\"https:\/\/materiais.ncoisas.digital\/lecea\/?s={search_term_string}\"},\"query-input\":\"required name=search_term_string\"}],\"inLanguage\":\"pt-BR\"},{\"@type\":\"WebPage\",\"@id\":\"https:\/\/materiais.ncoisas.digital\/lecea\/galeria\/#webpage\",\"url\":\"https:\/\/materiais.ncoisas.digital\/lecea\/galeria\/\",\"name\":\"Galeria - LECEA - Laborat\\u00f3rio de Ecologia e Conserva\\u00e7\\u00e3o de Ecossistemas Aqu\\u00e1ticos\",\"isPartOf\":{\"@id\":\"https:\/\/materiais.ncoisas.digital\/lecea\/#website\"},\"datePublished\":\"2021-11-08T21:40:32+00:00\",\"dateModified\":\"2021-11-08T22:27:54+00:00\",\"breadcrumb\":{\"@id\":\"https:\/\/materiais.ncoisas.digital\/lecea\/galeria\/#breadcrumb\"},\"inLanguage\":\"pt-BR\",\"potentialAction\":[{\"@type\":\"ReadAction\",\"target\":[\"https:\/\/materiais.ncoisas.digital\/lecea\/galeria\/\"]}]},{\"@type\":\"BreadcrumbList\",\"@id\":\"https:\/\/materiais.ncoisas.digital\/lecea\/galeria\/#breadcrumb\",\"itemListElement\":[{\"@type\":\"ListItem\",\"position\":1,\"name\":\"In\\u00edcio\",\"item\":\"https:\/\/materiais.ncoisas.digital\/lecea\/\"},{\"@type\":\"ListItem\",\"position\":2,\"name\":\"Galeria\"}]}]}<\/script>\n<!-- \/ Yoast SEO plugin. -->","yoast_head_json":{"title":"Galeria - LECEA - Laborat\u00f3rio de Ecologia e Conserva\u00e7\u00e3o de Ecossistemas Aqu\u00e1ticos","robots":{"index":"index","follow":"follow","max-snippet":"max-snippet:-1","max-image-preview":"max-image-preview:large","max-video-preview":"max-video-preview:-1"},"canonical":"https:\/\/materiais.ncoisas.digital\/lecea\/galeria\/","og_locale":"pt_BR","og_type":"article","og_title":"Galeria - LECEA - Laborat\u00f3rio de Ecologia e Conserva\u00e7\u00e3o de Ecossistemas Aqu\u00e1ticos","og_description":"[vc_row css=&#8221;.vc_custom_1636408459748{background-color: rgba(255,255,255,0.3) !important;*background-color: rgb(255,255,255) !important;}&#8221;][vc_column css_animation=&#8221;fadeInUp&#8221;][vc_column_text css_animation=&#8221;fadeInUp&#8221; css=&#8221;.vc_custom_1636410222017{margin-right: 10% !important;margin-left: 10% !important;border-bottom-width: 2px !important;padding-bottom: 0.2% !important;border-bottom-color: rgba(56,49,88,0.3) !important;border-bottom-style: groove !important;border-radius: 1px !important;}&#8221;] GALERIA [\/vc_column_text][vc_masonry_media_grid gap=&#8221;10&#8243; item=&#8221;masonryMedia_SolidBlurOut&#8221; initial_loading_animation=&#8221;fadeIn&#8221; grid_id=&#8221;vc_gid:1636409836458-0cdcc2285cb41b61017db49cc9c7b61f-3&#8243; css=&#8221;.vc_custom_1636410379670{margin-right: 10% !important;margin-left: 10% !important;}&#8221; include=&#8221;573,571,570,569,568,567,532,566,565,564,563,562,552,541,542,543,561,560,559,558,557,539,556,555,554,553,551,550,549,538,537,548,547,546,545,544,540,343&#8243;][\/vc_column][\/vc_row]","og_url":"https:\/\/materiais.ncoisas.digital\/lecea\/galeria\/","og_site_name":"LECEA - Laborat\u00f3rio de Ecologia e Conserva\u00e7\u00e3o de Ecossistemas Aqu\u00e1ticos","article_modified_time":"2021-11-08T22:27:54+00:00","twitter_card":"summary_large_image","schema":{"@context":"https:\/\/schema.org","@graph":[{"@type":"WebSite","@id":"https:\/\/materiais.ncoisas.digital\/lecea\/#website","url":"https:\/\/materiais.ncoisas.digital\/lecea\/","name":"LECEA - Laborat\u00f3rio de Ecologia e Conserva\u00e7\u00e3o de Ecossistemas Aqu\u00e1ticos","description":"","potentialAction":[{"@type":"SearchAction","target":{"@type":"EntryPoint","urlTemplate":"https:\/\/materiais.ncoisas.digital\/lecea\/?s={search_term_string}"},"query-input":"required name=search_term_string"}],"inLanguage":"pt-BR"},{"@type":"WebPage","@id":"https:\/\/materiais.ncoisas.digital\/lecea\/galeria\/#webpage","url":"https:\/\/materiais.ncoisas.digital\/lecea\/galeria\/","name":"Galeria - LECEA - Laborat\u00f3rio de Ecologia e Conserva\u00e7\u00e3o de Ecossistemas Aqu\u00e1ticos","isPartOf":{"@id":"https:\/\/materiais.ncoisas.digital\/lecea\/#website"},"datePublished":"2021-11-08T21:40:32+00:00","dateModified":"2021-11-08T22:27:54+00:00","breadcrumb":{"@id":"https:\/\/materiais.ncoisas.digital\/lecea\/galeria\/#breadcrumb"},"inLanguage":"pt-BR","potentialAction":[{"@type":"ReadAction","target":["https:\/\/materiais.ncoisas.digital\/lecea\/galeria\/"]}]},{"@type":"BreadcrumbList","@id":"https:\/\/materiais.ncoisas.digital\/lecea\/galeria\/#breadcrumb","itemListElement":[{"@type":"ListItem","position":1,"name":"In\u00edcio","item":"https:\/\/materiais.ncoisas.digital\/lecea\/"},{"@type":"ListItem","position":2,"name":"Galeria"}]}]}},"_links":{"self":[{"href":"https:\/\/materiais.ncoisas.digital\/lecea\/wp-json\/wp\/v2\/pages\/659","targetHints":{"allow":["GET"]}}],"collection":[{"href":"https:\/\/materiais.ncoisas.digital\/lecea\/wp-json\/wp\/v2\/pages"}],"about":[{"href":"https:\/\/materiais.ncoisas.digital\/lecea\/wp-json\/wp\/v2\/types\/page"}],"author":[{"embeddable":true,"href":"https:\/\/materiais.ncoisas.digital\/lecea\/wp-json\/wp\/v2\/users\/1"}],"replies":[{"embeddable":true,"href":"https:\/\/materiais.ncoisas.digital\/lecea\/wp-json\/wp\/v2\/comments?post=659"}],"version-history":[{"count":7,"href":"https:\/\/materiais.ncoisas.digital\/lecea\/wp-json\/wp\/v2\/pages\/659\/revisions"}],"predecessor-version":[{"id":682,"href":"https:\/\/materiais.ncoisas.digital\/lecea\/wp-json\/wp\/v2\/pages\/659\/revisions\/682"}],"wp:attachment":[{"href":"https:\/\/materiais.ncoisas.digital\/lecea\/wp-json\/wp\/v2\/media?parent=659"}],"curies":[{"name":"wp","href":"https:\/\/api.w.org\/{rel}","templated":true}]}}